{"id":371,"date":"2024-10-02T10:32:37","date_gmt":"2024-10-02T10:32:37","guid":{"rendered":"https:\/\/atconsulting.hu\/?page_id=371"},"modified":"2024-11-21T08:15:47","modified_gmt":"2024-11-21T08:15:47","slug":"at-consulting-elerhetoseg","status":"publish","type":"page","link":"https:\/\/atconsulting.hu\/index.php\/at-consulting-elerhetoseg\/","title":{"rendered":"Kapcsolat"},"content":{"rendered":"\t\t<div data-elementor-type=\"wp-page\" data-elementor-id=\"371\" class=\"elementor elementor-371\" data-elementor-post-type=\"page\">\n\t\t\t\t\t\t<section class=\"elementor-section elementor-top-section elementor-element elementor-element-7f4fbff3 elementor-section-height-min-height elementor-section-boxed elementor-section-height-default elementor-section-items-middle\" data-id=\"7f4fbff3\" data-element_type=\"section\" data-settings=\"{&quot;background_background&quot;:&quot;classic&quot;}\">\n\t\t\t\t\t\t\t<div class=\"elementor-background-overlay\"><\/div>\n\t\t\t\t\t\t\t<div class=\"elementor-container elementor-column-gap-default\">\n\t\t\t\t\t<div class=\"elementor-column elementor-col-100 elementor-top-column elementor-element elementor-element-18b19423\" data-id=\"18b19423\" data-element_type=\"column\">\n\t\t\t<div class=\"elementor-widget-wrap elementor-element-populated\">\n\t\t\t\t\t\t<div class=\"elementor-element elementor-element-4386e92a elementor-widget__width-auto elementor-invisible elementor-widget elementor-widget-heading\" data-id=\"4386e92a\" data-element_type=\"widget\" data-settings=\"{&quot;_animation&quot;:&quot;fadeInUp&quot;,&quot;_animation_delay&quot;:2400}\" data-widget_type=\"heading.default\">\n\t\t\t\t<div class=\"elementor-widget-container\">\n\t\t\t<div class=\"elementor-heading-title elementor-size-default\"><a href=\"https:\/\/atconsulting.hu\">AT Consulting \u25ac <\/a><\/div>\t\t<\/div>\n\t\t\t\t<\/div>\n\t\t\t\t\t<\/div>\n\t\t<\/div>\n\t\t\t\t\t<\/div>\n\t\t<\/section>\n\t\t\t\t<section class=\"elementor-section elementor-top-section elementor-element elementor-element-618c5ce0 elementor-section-boxed elementor-section-height-default elementor-section-height-default\" data-id=\"618c5ce0\" data-element_type=\"section\" data-settings=\"{&quot;background_background&quot;:&quot;classic&quot;}\">\n\t\t\t\t\t\t\t<div class=\"elementor-background-overlay\"><\/div>\n\t\t\t\t\t\t\t<div class=\"elementor-container elementor-column-gap-default\">\n\t\t\t\t\t<div class=\"elementor-column elementor-col-33 elementor-top-column elementor-element elementor-element-43bd97f1\" data-id=\"43bd97f1\" data-element_type=\"column\" data-settings=\"{&quot;background_background&quot;:&quot;classic&quot;}\">\n\t\t\t<div class=\"elementor-widget-wrap elementor-element-populated\">\n\t\t\t\t\t\t<div class=\"elementor-element elementor-element-b6a5a6f elementor-widget__width-initial elementor-widget-tablet__width-initial elementor-widget elementor-widget-spacer\" data-id=\"b6a5a6f\" data-element_type=\"widget\" data-widget_type=\"spacer.default\">\n\t\t\t\t<div class=\"elementor-widget-container\">\n\t\t\t\t\t<div class=\"elementor-spacer\">\n\t\t\t<div class=\"elementor-spacer-inner\"><\/div>\n\t\t<\/div>\n\t\t\t\t<\/div>\n\t\t\t\t<\/div>\n\t\t\t\t<div class=\"elementor-element elementor-element-6cb8ab0a elementor-widget elementor-widget-icon-box\" data-id=\"6cb8ab0a\" data-element_type=\"widget\" data-widget_type=\"icon-box.default\">\n\t\t\t\t<div class=\"elementor-widget-container\">\n\t\t\t\t\t<div class=\"elementor-icon-box-wrapper\">\n\n\t\t\t\n\t\t\t\t\t\t<div class=\"elementor-icon-box-content\">\n\n\t\t\t\t\t\t\t\t\t<div class=\"elementor-icon-box-title\">\n\t\t\t\t\t\t<span  >\n\t\t\t\t\t\t\tTelefon\t\t\t\t\t\t<\/span>\n\t\t\t\t\t<\/div>\n\t\t\t\t\n\t\t\t\t\t\t\t\t\t<p class=\"elementor-icon-box-description\">\n\t\t\t\t\t\t+3670 777 2209<br>+3670 416 7353\n\t\t\t\t\t<\/p>\n\t\t\t\t\n\t\t\t<\/div>\n\t\t\t\n\t\t<\/div>\n\t\t\t\t<\/div>\n\t\t\t\t<\/div>\n\t\t\t\t\t<\/div>\n\t\t<\/div>\n\t\t\t\t<div class=\"elementor-column elementor-col-33 elementor-top-column elementor-element elementor-element-3fda52a1\" data-id=\"3fda52a1\" data-element_type=\"column\" data-settings=\"{&quot;background_background&quot;:&quot;classic&quot;}\">\n\t\t\t<div class=\"elementor-widget-wrap elementor-element-populated\">\n\t\t\t\t\t\t<div class=\"elementor-element elementor-element-1141ea12 elementor-widget__width-initial elementor-widget-tablet__width-initial elementor-widget elementor-widget-spacer\" data-id=\"1141ea12\" data-element_type=\"widget\" data-widget_type=\"spacer.default\">\n\t\t\t\t<div class=\"elementor-widget-container\">\n\t\t\t\t\t<div class=\"elementor-spacer\">\n\t\t\t<div class=\"elementor-spacer-inner\"><\/div>\n\t\t<\/div>\n\t\t\t\t<\/div>\n\t\t\t\t<\/div>\n\t\t\t\t<div class=\"elementor-element elementor-element-6eeaf215 elementor-widget elementor-widget-icon-box\" data-id=\"6eeaf215\" data-element_type=\"widget\" data-widget_type=\"icon-box.default\">\n\t\t\t\t<div class=\"elementor-widget-container\">\n\t\t\t\t\t<div class=\"elementor-icon-box-wrapper\">\n\n\t\t\t\n\t\t\t\t\t\t<div class=\"elementor-icon-box-content\">\n\n\t\t\t\t\t\t\t\t\t<div class=\"elementor-icon-box-title\">\n\t\t\t\t\t\t<a href=\"mailto:info@atconsulting.hu\" >\n\t\t\t\t\t\t\tE-mail c\u00edm\t\t\t\t\t\t<\/a>\n\t\t\t\t\t<\/div>\n\t\t\t\t\n\t\t\t\t\t\t\t\t\t<p class=\"elementor-icon-box-description\">\n\t\t\t\t\t\t<a href=\"mailto:info@atconsulting.hu\">info@atconsulting.hu<\/a> <br>\n\t\t\t\t\t<\/p>\n\t\t\t\t\n\t\t\t<\/div>\n\t\t\t\n\t\t<\/div>\n\t\t\t\t<\/div>\n\t\t\t\t<\/div>\n\t\t\t\t\t<\/div>\n\t\t<\/div>\n\t\t\t\t<div class=\"elementor-column elementor-col-33 elementor-top-column elementor-element elementor-element-55c96123\" data-id=\"55c96123\" data-element_type=\"column\" data-settings=\"{&quot;background_background&quot;:&quot;classic&quot;}\">\n\t\t\t<div class=\"elementor-widget-wrap elementor-element-populated\">\n\t\t\t\t\t\t<div class=\"elementor-element elementor-element-6454ca5e elementor-widget__width-initial elementor-widget-tablet__width-initial elementor-widget elementor-widget-spacer\" data-id=\"6454ca5e\" data-element_type=\"widget\" data-widget_type=\"spacer.default\">\n\t\t\t\t<div class=\"elementor-widget-container\">\n\t\t\t\t\t<div class=\"elementor-spacer\">\n\t\t\t<div class=\"elementor-spacer-inner\"><\/div>\n\t\t<\/div>\n\t\t\t\t<\/div>\n\t\t\t\t<\/div>\n\t\t\t\t<div class=\"elementor-element elementor-element-14ab50fd elementor-widget elementor-widget-icon-box\" data-id=\"14ab50fd\" data-element_type=\"widget\" data-widget_type=\"icon-box.default\">\n\t\t\t\t<div class=\"elementor-widget-container\">\n\t\t\t\t\t<div class=\"elementor-icon-box-wrapper\">\n\n\t\t\t\n\t\t\t\t\t\t<div class=\"elementor-icon-box-content\">\n\n\t\t\t\t\t\t\t\t\t<div class=\"elementor-icon-box-title\">\n\t\t\t\t\t\t<span  >\n\t\t\t\t\t\t\tMegk\u00f6zel\u00edt\u00e9s\t\t\t\t\t\t<\/span>\n\t\t\t\t\t<\/div>\n\t\t\t\t\n\t\t\t\t\t\t\t\t\t<p class=\"elementor-icon-box-description\">\n\t\t\t\t\t\t1032 Budapest<br>\nGyenes utca 15. \t\t\t\t\t<\/p>\n\t\t\t\t\n\t\t\t<\/div>\n\t\t\t\n\t\t<\/div>\n\t\t\t\t<\/div>\n\t\t\t\t<\/div>\n\t\t\t\t\t<\/div>\n\t\t<\/div>\n\t\t\t\t\t<\/div>\n\t\t<\/section>\n\t\t\t\t<section class=\"elementor-section elementor-top-section elementor-element elementor-element-64817ad5 elementor-section-boxed elementor-section-height-default elementor-section-height-default\" data-id=\"64817ad5\" data-element_type=\"section\">\n\t\t\t\t\t\t<div class=\"elementor-container elementor-column-gap-default\">\n\t\t\t\t\t<div class=\"elementor-column elementor-col-100 elementor-top-column elementor-element elementor-element-12dd2e2c\" data-id=\"12dd2e2c\" data-element_type=\"column\">\n\t\t\t<div class=\"elementor-widget-wrap elementor-element-populated\">\n\t\t\t\t\t\t<div class=\"elementor-element elementor-element-aaf5fd2 elementor-vertical-align-top elementor-widget elementor-widget-icon-box\" data-id=\"aaf5fd2\" data-element_type=\"widget\" data-widget_type=\"icon-box.default\">\n\t\t\t\t<div class=\"elementor-widget-container\">\n\t\t\t\t\t<div class=\"elementor-icon-box-wrapper\">\n\n\t\t\t\n\t\t\t\t\t\t<div class=\"elementor-icon-box-content\">\n\n\t\t\t\t\t\t\t\t\t<h2 class=\"elementor-icon-box-title\">\n\t\t\t\t\t\t<span  >\n\t\t\t\t\t\t\t\u25ac Kapcsolatfelv\u00e9tel \u25ac\t\t\t\t\t\t<\/span>\n\t\t\t\t\t<\/h2>\n\t\t\t\t\n\t\t\t\t\t\t\t\t\t<p class=\"elementor-icon-box-description\">\n\t\t\t\t\t\tFogalmazza meg k\u00e9rd\u00e9seit b\u00e1tran!\t\t\t\t\t<\/p>\n\t\t\t\t\n\t\t\t<\/div>\n\t\t\t\n\t\t<\/div>\n\t\t\t\t<\/div>\n\t\t\t\t<\/div>\n\t\t\t\t<div class=\"elementor-element elementor-element-187b73ba elementor-button-align-center elementor-mobile-button-align-stretch elementor-invisible elementor-widget elementor-widget-form\" data-id=\"187b73ba\" data-element_type=\"widget\" data-settings=\"{&quot;step_next_label&quot;:&quot;Next&quot;,&quot;step_previous_label&quot;:&quot;Previous&quot;,&quot;_animation&quot;:&quot;fadeInUp&quot;,&quot;button_width&quot;:&quot;100&quot;,&quot;step_type&quot;:&quot;number_text&quot;,&quot;step_icon_shape&quot;:&quot;circle&quot;}\" data-widget_type=\"form.default\">\n\t\t\t\t<div class=\"elementor-widget-container\">\n\t\t\t\t\t<form class=\"elementor-form\" method=\"post\" name=\"Contact Us - Zedello\">\n\t\t\t<input type=\"hidden\" name=\"post_id\" value=\"371\"\/>\n\t\t\t<input type=\"hidden\" name=\"form_id\" value=\"187b73ba\"\/>\n\t\t\t<input type=\"hidden\" name=\"referer_title\" value=\"AT Consulting\" \/>\n\n\t\t\t\n\t\t\t<div class=\"elementor-form-fields-wrapper elementor-labels-\">\n\t\t\t\t\t\t\t\t<div class=\"elementor-field-type-text elementor-field-group elementor-column elementor-field-group-name elementor-col-50\">\n\t\t\t\t\t\t\t\t\t\t\t\t<label for=\"form-field-name\" class=\"elementor-field-label elementor-screen-only\">\n\t\t\t\t\t\t\t\tYour Name\t\t\t\t\t\t\t<\/label>\n\t\t\t\t\t\t\t\t\t\t\t\t\t\t<input size=\"1\" type=\"text\" name=\"form_fields[name]\" id=\"form-field-name\" class=\"elementor-field elementor-size-md  elementor-field-textual\" placeholder=\"Teljes n\u00e9v\">\n\t\t\t\t\t\t\t\t\t\t\t<\/div>\n\t\t\t\t\t\t\t\t<div class=\"elementor-field-type-email elementor-field-group elementor-column elementor-field-group-contact_email elementor-col-50\">\n\t\t\t\t\t\t\t\t\t\t\t\t<label for=\"form-field-contact_email\" class=\"elementor-field-label elementor-screen-only\">\n\t\t\t\t\t\t\t\tYour Email\t\t\t\t\t\t\t<\/label>\n\t\t\t\t\t\t\t\t\t\t\t\t\t\t<input size=\"1\" type=\"email\" name=\"form_fields[contact_email]\" id=\"form-field-contact_email\" class=\"elementor-field elementor-size-md  elementor-field-textual\" placeholder=\"E-mail c\u00edm\">\n\t\t\t\t\t\t\t\t\t\t\t<\/div>\n\t\t\t\t\t\t\t\t<div class=\"elementor-field-type-tel elementor-field-group elementor-column elementor-field-group-field_92e2f76 elementor-col-50\">\n\t\t\t\t\t\t\t\t\t\t\t\t<label for=\"form-field-field_92e2f76\" class=\"elementor-field-label elementor-screen-only\">\n\t\t\t\t\t\t\t\tYour Phone\t\t\t\t\t\t\t<\/label>\n\t\t\t\t\t\t\t\t<input size=\"1\" type=\"tel\" name=\"form_fields[field_92e2f76]\" id=\"form-field-field_92e2f76\" class=\"elementor-field elementor-size-md  elementor-field-textual\" placeholder=\"Telefonsz\u00e1m\" pattern=\"[0-9()#&amp;+*-=.]+\" title=\"Only numbers and phone characters (#, -, *, etc) are accepted.\">\n\n\t\t\t\t\t\t<\/div>\n\t\t\t\t\t\t\t\t<div class=\"elementor-field-type-text elementor-field-group elementor-column elementor-field-group-field_7829fb5 elementor-col-50\">\n\t\t\t\t\t\t\t\t\t\t\t\t<label for=\"form-field-field_7829fb5\" class=\"elementor-field-label elementor-screen-only\">\n\t\t\t\t\t\t\t\tSubject\t\t\t\t\t\t\t<\/label>\n\t\t\t\t\t\t\t\t\t\t\t\t\t\t<input size=\"1\" type=\"text\" name=\"form_fields[field_7829fb5]\" id=\"form-field-field_7829fb5\" class=\"elementor-field elementor-size-md  elementor-field-textual\" placeholder=\"\u00c9rdekl\u0151d\u00e9s t\u00e1rgya\">\n\t\t\t\t\t\t\t\t\t\t\t<\/div>\n\t\t\t\t\t\t\t\t<div class=\"elementor-field-type-textarea elementor-field-group elementor-column elementor-field-group-message elementor-col-100\">\n\t\t\t\t\t\t\t\t\t\t\t\t<label for=\"form-field-message\" class=\"elementor-field-label elementor-screen-only\">\n\t\t\t\t\t\t\t\tWhite a message\t\t\t\t\t\t\t<\/label>\n\t\t\t\t\t\t<textarea class=\"elementor-field-textual elementor-field  elementor-size-md\" name=\"form_fields[message]\" id=\"form-field-message\" rows=\"6\" placeholder=\"\u00dczenet sz\u00f6vege\"><\/textarea>\t\t\t\t<\/div>\n\t\t\t\t\t\t\t\t<div class=\"elementor-field-group elementor-column elementor-field-type-submit elementor-col-100 e-form__buttons\">\n\t\t\t\t\t<button class=\"elementor-button elementor-size-md\" type=\"submit\">\n\t\t\t\t\t\t<span class=\"elementor-button-content-wrapper\">\n\t\t\t\t\t\t\t\t\t\t\t\t\t\t\t\t\t\t\t\t\t\t<span class=\"elementor-button-text\">\u00dczenet elk\u00fcld\u00e9se<\/span>\n\t\t\t\t\t\t\t\t\t\t\t\t\t<\/span>\n\t\t\t\t\t<\/button>\n\t\t\t\t<\/div>\n\t\t\t<\/div>\n\t\t<\/form>\n\t\t\t\t<\/div>\n\t\t\t\t<\/div>\n\t\t\t\t\t<\/div>\n\t\t<\/div>\n\t\t\t\t\t<\/div>\n\t\t<\/section>\n\t\t\t\t<div class=\"elementor-section elementor-top-section elementor-element elementor-element-4e1538f3 elementor-section-full_width elementor-hidden-desktop elementor-hidden-tablet elementor-hidden-mobile elementor-section-height-default elementor-section-height-default\" data-id=\"4e1538f3\" data-element_type=\"section\">\n\t\t\t\t\t\t<div class=\"elementor-container elementor-column-gap-no\">\n\t\t\t\t\t<div class=\"elementor-column elementor-col-100 elementor-top-column elementor-element elementor-element-5315f78\" data-id=\"5315f78\" data-element_type=\"column\">\n\t\t\t<div class=\"elementor-widget-wrap elementor-element-populated\">\n\t\t\t\t\t\t<div class=\"elementor-element elementor-element-1433181c elementor-widget elementor-widget-google_maps\" data-id=\"1433181c\" data-element_type=\"widget\" data-widget_type=\"google_maps.default\">\n\t\t\t\t<div class=\"elementor-widget-container\">\n\t\t\t\t\t<div class=\"elementor-custom-embed\">\n\t\t\t<iframe loading=\"lazy\"\n\t\t\t\t\tsrc=\"https:\/\/maps.google.com\/maps?q=London%20Eye%2C%20London%2C%20United%20Kingdom&#038;t=m&#038;z=10&#038;output=embed&#038;iwloc=near\"\n\t\t\t\t\ttitle=\"London Eye, London, United Kingdom\"\n\t\t\t\t\taria-label=\"London Eye, London, United Kingdom\"\n\t\t\t><\/iframe>\n\t\t<\/div>\n\t\t\t\t<\/div>\n\t\t\t\t<\/div>\n\t\t\t\t\t<\/div>\n\t\t<\/div>\n\t\t\t\t\t<\/div>\n\t\t<\/div>\n\t\t\t\t<\/div>\n\t\t","protected":false},"excerpt":{"rendered":"<p>Telefon +3670 777 2209+3670 416 7353 E-mail c\u00edm info@atconsulting.hu Megk\u00f6zel\u00edt\u00e9s 1032 Budapest Gyenes utca 15. \u25ac Kapcsolatfelv\u00e9tel \u25ac Fogalmazza meg k\u00e9rd\u00e9seit b\u00e1tran!<\/p>\n","protected":false},"author":1,"featured_media":0,"parent":0,"menu_order":0,"comment_status":"closed","ping_status":"closed","template":"elementor_header_footer","meta":{"footnotes":""},"class_list":["post-371","page","type-page","status-publish","hentry"],"yoast_head":"<!-- This site is optimized with the Yoast SEO plugin v23.9 - https:\/\/yoast.com\/wordpress\/plugins\/seo\/ -->\n<title>Kapcsolat - AT Consulting<\/title>\n<meta name=\"description\" content=\"Az AT Consulting el\u00e9rhet\u0151s\u00e9g inform\u00e1ci\u00f3it a kapcsolat men\u00fcpontban tal\u00e1lja. Vegye fel vel\u00fcnk a kapcsolatot m\u00e9g ma!\" \/>\n<meta name=\"robots\" content=\"index, follow, max-snippet:-1, max-image-preview:large, max-video-preview:-1\" \/>\n<link rel=\"canonical\" href=\"https:\/\/atconsulting.hu\/index.php\/at-consulting-elerhetoseg\/\" \/>\n<meta property=\"og:locale\" content=\"hu_HU\" \/>\n<meta property=\"og:type\" content=\"article\" \/>\n<meta property=\"og:title\" content=\"Kapcsolat - AT Consulting\" \/>\n<meta property=\"og:description\" content=\"Az AT Consulting el\u00e9rhet\u0151s\u00e9g inform\u00e1ci\u00f3it a kapcsolat men\u00fcpontban tal\u00e1lja. Vegye fel vel\u00fcnk a kapcsolatot m\u00e9g ma!\" \/>\n<meta property=\"og:url\" content=\"https:\/\/atconsulting.hu\/index.php\/at-consulting-elerhetoseg\/\" \/>\n<meta property=\"og:site_name\" content=\"AT Consulting\" \/>\n<meta property=\"article:modified_time\" content=\"2024-11-21T08:15:47+00:00\" \/>\n<meta property=\"og:image\" content=\"https:\/\/atconsulting.hu\/wp-content\/uploads\/2024\/11\/yoast_proflie_pic_1200x675_v2.jpg\" \/>\n\t<meta property=\"og:image:width\" content=\"1200\" \/>\n\t<meta property=\"og:image:height\" content=\"675\" \/>\n\t<meta property=\"og:image:type\" content=\"image\/jpeg\" \/>\n<meta name=\"twitter:card\" content=\"summary_large_image\" \/>\n<meta name=\"twitter:label1\" content=\"Becs\u00fclt olvas\u00e1si id\u0151\" \/>\n\t<meta name=\"twitter:data1\" content=\"1 perc\" \/>\n<script type=\"application\/ld+json\" class=\"yoast-schema-graph\">{\"@context\":\"https:\/\/schema.org\",\"@graph\":[{\"@type\":\"WebPage\",\"@id\":\"https:\/\/atconsulting.hu\/index.php\/at-consulting-elerhetoseg\/\",\"url\":\"https:\/\/atconsulting.hu\/index.php\/at-consulting-elerhetoseg\/\",\"name\":\"Kapcsolat - AT Consulting\",\"isPartOf\":{\"@id\":\"https:\/\/atconsulting.hu\/#website\"},\"datePublished\":\"2024-10-02T10:32:37+00:00\",\"dateModified\":\"2024-11-21T08:15:47+00:00\",\"description\":\"Az AT Consulting el\u00e9rhet\u0151s\u00e9g inform\u00e1ci\u00f3it a kapcsolat men\u00fcpontban tal\u00e1lja. Vegye fel vel\u00fcnk a kapcsolatot m\u00e9g ma!\",\"breadcrumb\":{\"@id\":\"https:\/\/atconsulting.hu\/index.php\/at-consulting-elerhetoseg\/#breadcrumb\"},\"inLanguage\":\"hu\",\"potentialAction\":[{\"@type\":\"ReadAction\",\"target\":[\"https:\/\/atconsulting.hu\/index.php\/at-consulting-elerhetoseg\/\"]}]},{\"@type\":\"BreadcrumbList\",\"@id\":\"https:\/\/atconsulting.hu\/index.php\/at-consulting-elerhetoseg\/#breadcrumb\",\"itemListElement\":[{\"@type\":\"ListItem\",\"position\":1,\"name\":\"Kezd\u0151lap\",\"item\":\"https:\/\/atconsulting.hu\/\"},{\"@type\":\"ListItem\",\"position\":2,\"name\":\"Kapcsolat\"}]},{\"@type\":\"WebSite\",\"@id\":\"https:\/\/atconsulting.hu\/#website\",\"url\":\"https:\/\/atconsulting.hu\/\",\"name\":\"AT Consulting\",\"description\":\"\",\"publisher\":{\"@id\":\"https:\/\/atconsulting.hu\/#organization\"},\"alternateName\":\"AT Consulting - Befektet\u00e9s, biztons\u00e1g, hozam\",\"potentialAction\":[{\"@type\":\"SearchAction\",\"target\":{\"@type\":\"EntryPoint\",\"urlTemplate\":\"https:\/\/atconsulting.hu\/?s={search_term_string}\"},\"query-input\":{\"@type\":\"PropertyValueSpecification\",\"valueRequired\":true,\"valueName\":\"search_term_string\"}}],\"inLanguage\":\"hu\"},{\"@type\":\"Organization\",\"@id\":\"https:\/\/atconsulting.hu\/#organization\",\"name\":\"AT Consulting\",\"url\":\"https:\/\/atconsulting.hu\/\",\"logo\":{\"@type\":\"ImageObject\",\"inLanguage\":\"hu\",\"@id\":\"https:\/\/atconsulting.hu\/#\/schema\/logo\/image\/\",\"url\":\"https:\/\/atconsulting.hu\/wp-content\/uploads\/2024\/09\/atconsulting_logo_v2_QR.jpg\",\"contentUrl\":\"https:\/\/atconsulting.hu\/wp-content\/uploads\/2024\/09\/atconsulting_logo_v2_QR.jpg\",\"width\":400,\"height\":89,\"caption\":\"AT Consulting\"},\"image\":{\"@id\":\"https:\/\/atconsulting.hu\/#\/schema\/logo\/image\/\"}}]}<\/script>\n<!-- \/ Yoast SEO plugin. -->","yoast_head_json":{"title":"Kapcsolat - AT Consulting","description":"Az AT Consulting el\u00e9rhet\u0151s\u00e9g inform\u00e1ci\u00f3it a kapcsolat men\u00fcpontban tal\u00e1lja. Vegye fel vel\u00fcnk a kapcsolatot m\u00e9g ma!","robots":{"index":"index","follow":"follow","max-snippet":"max-snippet:-1","max-image-preview":"max-image-preview:large","max-video-preview":"max-video-preview:-1"},"canonical":"https:\/\/atconsulting.hu\/index.php\/at-consulting-elerhetoseg\/","og_locale":"hu_HU","og_type":"article","og_title":"Kapcsolat - AT Consulting","og_description":"Az AT Consulting el\u00e9rhet\u0151s\u00e9g inform\u00e1ci\u00f3it a kapcsolat men\u00fcpontban tal\u00e1lja. Vegye fel vel\u00fcnk a kapcsolatot m\u00e9g ma!","og_url":"https:\/\/atconsulting.hu\/index.php\/at-consulting-elerhetoseg\/","og_site_name":"AT Consulting","article_modified_time":"2024-11-21T08:15:47+00:00","og_image":[{"width":1200,"height":675,"url":"https:\/\/atconsulting.hu\/wp-content\/uploads\/2024\/11\/yoast_proflie_pic_1200x675_v2.jpg","type":"image\/jpeg"}],"twitter_card":"summary_large_image","twitter_misc":{"Becs\u00fclt olvas\u00e1si id\u0151":"1 perc"},"schema":{"@context":"https:\/\/schema.org","@graph":[{"@type":"WebPage","@id":"https:\/\/atconsulting.hu\/index.php\/at-consulting-elerhetoseg\/","url":"https:\/\/atconsulting.hu\/index.php\/at-consulting-elerhetoseg\/","name":"Kapcsolat - AT Consulting","isPartOf":{"@id":"https:\/\/atconsulting.hu\/#website"},"datePublished":"2024-10-02T10:32:37+00:00","dateModified":"2024-11-21T08:15:47+00:00","description":"Az AT Consulting el\u00e9rhet\u0151s\u00e9g inform\u00e1ci\u00f3it a kapcsolat men\u00fcpontban tal\u00e1lja. Vegye fel vel\u00fcnk a kapcsolatot m\u00e9g ma!","breadcrumb":{"@id":"https:\/\/atconsulting.hu\/index.php\/at-consulting-elerhetoseg\/#breadcrumb"},"inLanguage":"hu","potentialAction":[{"@type":"ReadAction","target":["https:\/\/atconsulting.hu\/index.php\/at-consulting-elerhetoseg\/"]}]},{"@type":"BreadcrumbList","@id":"https:\/\/atconsulting.hu\/index.php\/at-consulting-elerhetoseg\/#breadcrumb","itemListElement":[{"@type":"ListItem","position":1,"name":"Kezd\u0151lap","item":"https:\/\/atconsulting.hu\/"},{"@type":"ListItem","position":2,"name":"Kapcsolat"}]},{"@type":"WebSite","@id":"https:\/\/atconsulting.hu\/#website","url":"https:\/\/atconsulting.hu\/","name":"AT Consulting","description":"","publisher":{"@id":"https:\/\/atconsulting.hu\/#organization"},"alternateName":"AT Consulting - Befektet\u00e9s, biztons\u00e1g, hozam","potentialAction":[{"@type":"SearchAction","target":{"@type":"EntryPoint","urlTemplate":"https:\/\/atconsulting.hu\/?s={search_term_string}"},"query-input":{"@type":"PropertyValueSpecification","valueRequired":true,"valueName":"search_term_string"}}],"inLanguage":"hu"},{"@type":"Organization","@id":"https:\/\/atconsulting.hu\/#organization","name":"AT Consulting","url":"https:\/\/atconsulting.hu\/","logo":{"@type":"ImageObject","inLanguage":"hu","@id":"https:\/\/atconsulting.hu\/#\/schema\/logo\/image\/","url":"https:\/\/atconsulting.hu\/wp-content\/uploads\/2024\/09\/atconsulting_logo_v2_QR.jpg","contentUrl":"https:\/\/atconsulting.hu\/wp-content\/uploads\/2024\/09\/atconsulting_logo_v2_QR.jpg","width":400,"height":89,"caption":"AT Consulting"},"image":{"@id":"https:\/\/atconsulting.hu\/#\/schema\/logo\/image\/"}}]}},"_links":{"self":[{"href":"https:\/\/atconsulting.hu\/index.php\/wp-json\/wp\/v2\/pages\/371"}],"collection":[{"href":"https:\/\/atconsulting.hu\/index.php\/wp-json\/wp\/v2\/pages"}],"about":[{"href":"https:\/\/atconsulting.hu\/index.php\/wp-json\/wp\/v2\/types\/page"}],"author":[{"embeddable":true,"href":"https:\/\/atconsulting.hu\/index.php\/wp-json\/wp\/v2\/users\/1"}],"replies":[{"embeddable":true,"href":"https:\/\/atconsulting.hu\/index.php\/wp-json\/wp\/v2\/comments?post=371"}],"version-history":[{"count":31,"href":"https:\/\/atconsulting.hu\/index.php\/wp-json\/wp\/v2\/pages\/371\/revisions"}],"predecessor-version":[{"id":1130,"href":"https:\/\/atconsulting.hu\/index.php\/wp-json\/wp\/v2\/pages\/371\/revisions\/1130"}],"wp:attachment":[{"href":"https:\/\/atconsulting.hu\/index.php\/wp-json\/wp\/v2\/media?parent=371"}],"curies":[{"name":"wp","href":"https:\/\/api.w.org\/{rel}","templated":true}]}}